{"id":2404,"date":"2019-02-07T10:24:49","date_gmt":"2019-02-07T09:24:49","guid":{"rendered":"http:\/\/new.alcoplas.com\/?post_type=product&#038;p=2404"},"modified":"2019-02-07T10:46:49","modified_gmt":"2019-02-07T09:46:49","slug":"coussins-pack-2-unites-40x40-vert","status":"publish","type":"product","link":"https:\/\/alcoplas.com\/fr\/catalogo\/jardin\/coussins\/coussins-pack-2-unites-40x40-vert\/","title":{"rendered":"Coussins pack 2 unit\u00e9s 40X40 vert"},"content":{"rendered":"","protected":false},"excerpt":{"rendered":"<p>Coussins pack 2 unit\u00e9s 40X40. Matelass\u00e9 3,5cm.<\/p>\n","protected":false},"featured_media":2461,"template":"","meta":{"_acf_changed":false},"tipo":[514],"product_brand":[],"product_cat":[378],"product_tag":[],"class_list":{"0":"post-2404","1":"product","2":"type-product","3":"status-publish","4":"has-post-thumbnail","6":"product_cat-coussins","8":"first","9":"instock","10":"shipping-taxable","11":"product-type-simple"},"acf":[],"_links":{"self":[{"href":"https:\/\/alcoplas.com\/fr\/wp-json\/wp\/v2\/product\/2404","targetHints":{"allow":["GET"]}}],"collection":[{"href":"https:\/\/alcoplas.com\/fr\/wp-json\/wp\/v2\/product"}],"about":[{"href":"https:\/\/alcoplas.com\/fr\/wp-json\/wp\/v2\/types\/product"}],"wp:featuredmedia":[{"embeddable":true,"href":"https:\/\/alcoplas.com\/fr\/wp-json\/wp\/v2\/media\/2461"}],"wp:attachment":[{"href":"https:\/\/alcoplas.com\/fr\/wp-json\/wp\/v2\/media?parent=2404"}],"wp:term":[{"taxonomy":"tipo","embeddable":true,"href":"https:\/\/alcoplas.com\/fr\/wp-json\/wp\/v2\/tipo?post=2404"},{"taxonomy":"product_brand","embeddable":true,"href":"https:\/\/alcoplas.com\/fr\/wp-json\/wp\/v2\/product_brand?post=2404"},{"taxonomy":"product_cat","embeddable":true,"href":"https:\/\/alcoplas.com\/fr\/wp-json\/wp\/v2\/product_cat?post=2404"},{"taxonomy":"product_tag","embeddable":true,"href":"https:\/\/alcoplas.com\/fr\/wp-json\/wp\/v2\/product_tag?post=2404"}],"curies":[{"name":"wp","href":"https:\/\/api.w.org\/{rel}","templated":true}]}}