{"id":2385,"date":"2018-10-09T10:09:36","date_gmt":"2018-10-09T08:09:36","guid":{"rendered":"http:\/\/new.alcoplas.com\/catalogo\/non class\u00e9\/table-acier-diametre-100cm-verte-marbree\/"},"modified":"2018-10-09T10:09:36","modified_gmt":"2018-10-09T08:09:36","slug":"table-acier-diametre-100cm-verte-marbree","status":"publish","type":"product","link":"https:\/\/alcoplas.com\/fr\/catalogo\/jardin\/tables-de-terrasse-et-jardin\/table-acier-diametre-100cm-verte-marbree\/","title":{"rendered":"Table acier diam\u00e8tre 100cm verte marbr\u00e9e"},"content":{"rendered":"","protected":false},"excerpt":{"rendered":"<p>Table acier diam\u00e8tre 100cm verte marbr\u00e9e.<\/p>\n","protected":false},"featured_media":1671,"template":"","meta":{"_acf_changed":false},"tipo":[514],"product_brand":[],"product_cat":[382],"product_tag":[],"class_list":{"0":"post-2385","1":"product","2":"type-product","3":"status-publish","4":"has-post-thumbnail","6":"product_cat-tables-de-terrasse-et-jardin","8":"first","9":"instock","10":"shipping-taxable","11":"product-type-simple"},"acf":[],"_links":{"self":[{"href":"https:\/\/alcoplas.com\/fr\/wp-json\/wp\/v2\/product\/2385","targetHints":{"allow":["GET"]}}],"collection":[{"href":"https:\/\/alcoplas.com\/fr\/wp-json\/wp\/v2\/product"}],"about":[{"href":"https:\/\/alcoplas.com\/fr\/wp-json\/wp\/v2\/types\/product"}],"wp:featuredmedia":[{"embeddable":true,"href":"https:\/\/alcoplas.com\/fr\/wp-json\/wp\/v2\/media\/1671"}],"wp:attachment":[{"href":"https:\/\/alcoplas.com\/fr\/wp-json\/wp\/v2\/media?parent=2385"}],"wp:term":[{"taxonomy":"tipo","embeddable":true,"href":"https:\/\/alcoplas.com\/fr\/wp-json\/wp\/v2\/tipo?post=2385"},{"taxonomy":"product_brand","embeddable":true,"href":"https:\/\/alcoplas.com\/fr\/wp-json\/wp\/v2\/product_brand?post=2385"},{"taxonomy":"product_cat","embeddable":true,"href":"https:\/\/alcoplas.com\/fr\/wp-json\/wp\/v2\/product_cat?post=2385"},{"taxonomy":"product_tag","embeddable":true,"href":"https:\/\/alcoplas.com\/fr\/wp-json\/wp\/v2\/product_tag?post=2385"}],"curies":[{"name":"wp","href":"https:\/\/api.w.org\/{rel}","templated":true}]}}