{"id":2319,"date":"2018-09-20T12:31:05","date_gmt":"2018-09-20T10:31:05","guid":{"rendered":"http:\/\/new.alcoplas.com\/catalogo\/non class\u00e9\/balancelle-3-sieges-0058\/"},"modified":"2018-09-20T12:31:05","modified_gmt":"2018-09-20T10:31:05","slug":"balancelle-3-sieges-0058","status":"publish","type":"product","link":"https:\/\/alcoplas.com\/fr\/catalogo\/jardin\/balancoires-jardin\/balancelle-3-sieges-0058\/","title":{"rendered":"Balancelle 3 si\u00e8ges 0058"},"content":{"rendered":"","protected":false},"excerpt":{"rendered":"<p>Balancelle 3 si\u00e8ges. Tube diam\u00e8tre 50mm.<\/p>\n","protected":false},"featured_media":1440,"template":"","meta":{"_acf_changed":false},"tipo":[514],"product_brand":[],"product_cat":[374],"product_tag":[],"class_list":{"0":"post-2319","1":"product","2":"type-product","3":"status-publish","4":"has-post-thumbnail","6":"product_cat-balancoires-jardin","8":"first","9":"instock","10":"shipping-taxable","11":"product-type-simple"},"acf":[],"_links":{"self":[{"href":"https:\/\/alcoplas.com\/fr\/wp-json\/wp\/v2\/product\/2319","targetHints":{"allow":["GET"]}}],"collection":[{"href":"https:\/\/alcoplas.com\/fr\/wp-json\/wp\/v2\/product"}],"about":[{"href":"https:\/\/alcoplas.com\/fr\/wp-json\/wp\/v2\/types\/product"}],"wp:featuredmedia":[{"embeddable":true,"href":"https:\/\/alcoplas.com\/fr\/wp-json\/wp\/v2\/media\/1440"}],"wp:attachment":[{"href":"https:\/\/alcoplas.com\/fr\/wp-json\/wp\/v2\/media?parent=2319"}],"wp:term":[{"taxonomy":"tipo","embeddable":true,"href":"https:\/\/alcoplas.com\/fr\/wp-json\/wp\/v2\/tipo?post=2319"},{"taxonomy":"product_brand","embeddable":true,"href":"https:\/\/alcoplas.com\/fr\/wp-json\/wp\/v2\/product_brand?post=2319"},{"taxonomy":"product_cat","embeddable":true,"href":"https:\/\/alcoplas.com\/fr\/wp-json\/wp\/v2\/product_cat?post=2319"},{"taxonomy":"product_tag","embeddable":true,"href":"https:\/\/alcoplas.com\/fr\/wp-json\/wp\/v2\/product_tag?post=2319"}],"curies":[{"name":"wp","href":"https:\/\/api.w.org\/{rel}","templated":true}]}}