{"id":2311,"date":"2018-09-20T10:40:08","date_gmt":"2018-09-20T08:40:08","guid":{"rendered":"http:\/\/new.alcoplas.com\/catalogo\/non class\u00e9\/balancoire-injectee-avec-corde-2m\/"},"modified":"2018-09-20T10:40:08","modified_gmt":"2018-09-20T08:40:08","slug":"balancoire-injectee-avec-corde-2m","status":"publish","type":"product","link":"https:\/\/alcoplas.com\/fr\/catalogo\/balancoires\/balancoire-injectee-avec-corde-2m\/","title":{"rendered":"Balan\u00e7oire inject\u00e9e avec corde 2m"},"content":{"rendered":"","protected":false},"excerpt":{"rendered":"<p>Balan\u00e7oire inject\u00e9e avec corde 2m.<\/p>\n","protected":false},"featured_media":1509,"template":"","meta":{"_acf_changed":false},"tipo":[514],"product_brand":[],"product_cat":[370],"product_tag":[],"class_list":{"0":"post-2311","1":"product","2":"type-product","3":"status-publish","4":"has-post-thumbnail","6":"product_cat-balancoires","8":"first","9":"instock","10":"shipping-taxable","11":"product-type-simple"},"acf":[],"_links":{"self":[{"href":"https:\/\/alcoplas.com\/fr\/wp-json\/wp\/v2\/product\/2311","targetHints":{"allow":["GET"]}}],"collection":[{"href":"https:\/\/alcoplas.com\/fr\/wp-json\/wp\/v2\/product"}],"about":[{"href":"https:\/\/alcoplas.com\/fr\/wp-json\/wp\/v2\/types\/product"}],"wp:featuredmedia":[{"embeddable":true,"href":"https:\/\/alcoplas.com\/fr\/wp-json\/wp\/v2\/media\/1509"}],"wp:attachment":[{"href":"https:\/\/alcoplas.com\/fr\/wp-json\/wp\/v2\/media?parent=2311"}],"wp:term":[{"taxonomy":"tipo","embeddable":true,"href":"https:\/\/alcoplas.com\/fr\/wp-json\/wp\/v2\/tipo?post=2311"},{"taxonomy":"product_brand","embeddable":true,"href":"https:\/\/alcoplas.com\/fr\/wp-json\/wp\/v2\/product_brand?post=2311"},{"taxonomy":"product_cat","embeddable":true,"href":"https:\/\/alcoplas.com\/fr\/wp-json\/wp\/v2\/product_cat?post=2311"},{"taxonomy":"product_tag","embeddable":true,"href":"https:\/\/alcoplas.com\/fr\/wp-json\/wp\/v2\/product_tag?post=2311"}],"curies":[{"name":"wp","href":"https:\/\/api.w.org\/{rel}","templated":true}]}}