{"id":2309,"date":"2018-09-20T10:39:01","date_gmt":"2018-09-20T08:39:01","guid":{"rendered":"http:\/\/new.alcoplas.com\/catalogo\/non class\u00e9\/balancoire-bebe-avec-corde\/"},"modified":"2018-09-20T10:39:01","modified_gmt":"2018-09-20T08:39:01","slug":"balancoire-bebe-avec-corde","status":"publish","type":"product","link":"https:\/\/alcoplas.com\/fr\/catalogo\/balancoires\/balancoire-bebe-avec-corde\/","title":{"rendered":"Balan\u00e7oire b\u00e9b\u00e9 avec corde"},"content":{"rendered":"","protected":false},"excerpt":{"rendered":"<p>Balan\u00e7oire b\u00e9b\u00e9 avec corde.<\/p>\n","protected":false},"featured_media":2502,"template":"","meta":{"_acf_changed":false},"tipo":[514],"product_brand":[],"product_cat":[370],"product_tag":[],"class_list":{"0":"post-2309","1":"product","2":"type-product","3":"status-publish","4":"has-post-thumbnail","6":"product_cat-balancoires","8":"first","9":"instock","10":"shipping-taxable","11":"product-type-simple"},"acf":[],"_links":{"self":[{"href":"https:\/\/alcoplas.com\/fr\/wp-json\/wp\/v2\/product\/2309","targetHints":{"allow":["GET"]}}],"collection":[{"href":"https:\/\/alcoplas.com\/fr\/wp-json\/wp\/v2\/product"}],"about":[{"href":"https:\/\/alcoplas.com\/fr\/wp-json\/wp\/v2\/types\/product"}],"wp:featuredmedia":[{"embeddable":true,"href":"https:\/\/alcoplas.com\/fr\/wp-json\/wp\/v2\/media\/2502"}],"wp:attachment":[{"href":"https:\/\/alcoplas.com\/fr\/wp-json\/wp\/v2\/media?parent=2309"}],"wp:term":[{"taxonomy":"tipo","embeddable":true,"href":"https:\/\/alcoplas.com\/fr\/wp-json\/wp\/v2\/tipo?post=2309"},{"taxonomy":"product_brand","embeddable":true,"href":"https:\/\/alcoplas.com\/fr\/wp-json\/wp\/v2\/product_brand?post=2309"},{"taxonomy":"product_cat","embeddable":true,"href":"https:\/\/alcoplas.com\/fr\/wp-json\/wp\/v2\/product_cat?post=2309"},{"taxonomy":"product_tag","embeddable":true,"href":"https:\/\/alcoplas.com\/fr\/wp-json\/wp\/v2\/product_tag?post=2309"}],"curies":[{"name":"wp","href":"https:\/\/api.w.org\/{rel}","templated":true}]}}