{"id":2297,"date":"2018-09-20T10:30:07","date_gmt":"2018-09-20T08:30:07","guid":{"rendered":"http:\/\/new.alcoplas.com\/catalogo\/non class\u00e9\/1-balancoire-nacelle-et-2-balancoires-et-1-cheval-250m\/"},"modified":"2018-09-20T10:30:07","modified_gmt":"2018-09-20T08:30:07","slug":"1-balancoire-nacelle-et-2-balancoires-et-1-cheval-250m","status":"publish","type":"product","link":"https:\/\/alcoplas.com\/fr\/catalogo\/balancoires\/1-balancoire-nacelle-et-2-balancoires-et-1-cheval-250m\/","title":{"rendered":"1 balan\u00e7oire nacelle et 2 balan\u00e7oires et 1 cheval 2,50m"},"content":{"rendered":"","protected":false},"excerpt":{"rendered":"<p>1 balan\u00e7oire nacelle et 2 balan\u00e7oires et 1 cheval. Hauteur 2,50m.<\/p>\n","protected":false},"featured_media":1491,"template":"","meta":{"_acf_changed":false},"tipo":[514],"product_brand":[],"product_cat":[370],"product_tag":[],"class_list":{"0":"post-2297","1":"product","2":"type-product","3":"status-publish","4":"has-post-thumbnail","6":"product_cat-balancoires","8":"first","9":"instock","10":"shipping-taxable","11":"product-type-simple"},"acf":[],"_links":{"self":[{"href":"https:\/\/alcoplas.com\/fr\/wp-json\/wp\/v2\/product\/2297","targetHints":{"allow":["GET"]}}],"collection":[{"href":"https:\/\/alcoplas.com\/fr\/wp-json\/wp\/v2\/product"}],"about":[{"href":"https:\/\/alcoplas.com\/fr\/wp-json\/wp\/v2\/types\/product"}],"wp:featuredmedia":[{"embeddable":true,"href":"https:\/\/alcoplas.com\/fr\/wp-json\/wp\/v2\/media\/1491"}],"wp:attachment":[{"href":"https:\/\/alcoplas.com\/fr\/wp-json\/wp\/v2\/media?parent=2297"}],"wp:term":[{"taxonomy":"tipo","embeddable":true,"href":"https:\/\/alcoplas.com\/fr\/wp-json\/wp\/v2\/tipo?post=2297"},{"taxonomy":"product_brand","embeddable":true,"href":"https:\/\/alcoplas.com\/fr\/wp-json\/wp\/v2\/product_brand?post=2297"},{"taxonomy":"product_cat","embeddable":true,"href":"https:\/\/alcoplas.com\/fr\/wp-json\/wp\/v2\/product_cat?post=2297"},{"taxonomy":"product_tag","embeddable":true,"href":"https:\/\/alcoplas.com\/fr\/wp-json\/wp\/v2\/product_tag?post=2297"}],"curies":[{"name":"wp","href":"https:\/\/api.w.org\/{rel}","templated":true}]}}