{"id":2271,"date":"2018-09-19T13:36:23","date_gmt":"2018-09-19T11:36:23","guid":{"rendered":"http:\/\/new.alcoplas.com\/catalogo\/non%20class\u00e9\/coussin-relax-telescopique\/"},"modified":"2019-02-07T11:14:45","modified_gmt":"2019-02-07T10:14:45","slug":"coussin-relax-telescopique-0035","status":"publish","type":"product","link":"https:\/\/alcoplas.com\/fr\/catalogo\/jardin\/coussins-de-rechange\/coussin-relax-telescopique-0035\/","title":{"rendered":"Coussin relax t\u00e9lescopique 0035"},"content":{"rendered":"","protected":false},"excerpt":{"rendered":"<p>Coussin oval relax t\u00e9lescopique. Dossier 73cm. Si\u00e8ge 50cm.<\/p>\n","protected":false},"featured_media":2557,"template":"","meta":{"_acf_changed":false},"tipo":[514],"product_brand":[],"product_cat":[384],"product_tag":[],"class_list":{"0":"post-2271","1":"product","2":"type-product","3":"status-publish","4":"has-post-thumbnail","6":"product_cat-coussins-de-rechange","8":"first","9":"instock","10":"shipping-taxable","11":"product-type-simple"},"acf":[],"_links":{"self":[{"href":"https:\/\/alcoplas.com\/fr\/wp-json\/wp\/v2\/product\/2271","targetHints":{"allow":["GET"]}}],"collection":[{"href":"https:\/\/alcoplas.com\/fr\/wp-json\/wp\/v2\/product"}],"about":[{"href":"https:\/\/alcoplas.com\/fr\/wp-json\/wp\/v2\/types\/product"}],"wp:featuredmedia":[{"embeddable":true,"href":"https:\/\/alcoplas.com\/fr\/wp-json\/wp\/v2\/media\/2557"}],"wp:attachment":[{"href":"https:\/\/alcoplas.com\/fr\/wp-json\/wp\/v2\/media?parent=2271"}],"wp:term":[{"taxonomy":"tipo","embeddable":true,"href":"https:\/\/alcoplas.com\/fr\/wp-json\/wp\/v2\/tipo?post=2271"},{"taxonomy":"product_brand","embeddable":true,"href":"https:\/\/alcoplas.com\/fr\/wp-json\/wp\/v2\/product_brand?post=2271"},{"taxonomy":"product_cat","embeddable":true,"href":"https:\/\/alcoplas.com\/fr\/wp-json\/wp\/v2\/product_cat?post=2271"},{"taxonomy":"product_tag","embeddable":true,"href":"https:\/\/alcoplas.com\/fr\/wp-json\/wp\/v2\/product_tag?post=2271"}],"curies":[{"name":"wp","href":"https:\/\/api.w.org\/{rel}","templated":true}]}}