{"id":2251,"date":"2018-09-19T12:45:21","date_gmt":"2018-09-19T10:45:21","guid":{"rendered":"http:\/\/new.alcoplas.com\/catalogo\/non%20class\u00e9\/coussins-pack-4-unites-40cm-diametre\/"},"modified":"2019-02-12T10:58:10","modified_gmt":"2019-02-12T09:58:10","slug":"coussins-pack-4-unites-40cm-diametre-0054","status":"publish","type":"product","link":"https:\/\/alcoplas.com\/fr\/catalogo\/jardin\/coussins\/coussins-pack-4-unites-40cm-diametre-0054\/","title":{"rendered":"Coussins pack 4 unit\u00e9s 40cm diam\u00e8tre 0054"},"content":{"rendered":"","protected":false},"excerpt":{"rendered":"<p>Coussins pack 4 unit\u00e9s 40cm diam\u00e8tre. Matelass\u00e9 2cm.<\/p>\n","protected":false},"featured_media":1313,"template":"","meta":{"_acf_changed":false},"tipo":[514],"product_brand":[],"product_cat":[378],"product_tag":[],"class_list":{"0":"post-2251","1":"product","2":"type-product","3":"status-publish","4":"has-post-thumbnail","6":"product_cat-coussins","8":"first","9":"instock","10":"shipping-taxable","11":"product-type-simple"},"acf":[],"_links":{"self":[{"href":"https:\/\/alcoplas.com\/fr\/wp-json\/wp\/v2\/product\/2251","targetHints":{"allow":["GET"]}}],"collection":[{"href":"https:\/\/alcoplas.com\/fr\/wp-json\/wp\/v2\/product"}],"about":[{"href":"https:\/\/alcoplas.com\/fr\/wp-json\/wp\/v2\/types\/product"}],"wp:featuredmedia":[{"embeddable":true,"href":"https:\/\/alcoplas.com\/fr\/wp-json\/wp\/v2\/media\/1313"}],"wp:attachment":[{"href":"https:\/\/alcoplas.com\/fr\/wp-json\/wp\/v2\/media?parent=2251"}],"wp:term":[{"taxonomy":"tipo","embeddable":true,"href":"https:\/\/alcoplas.com\/fr\/wp-json\/wp\/v2\/tipo?post=2251"},{"taxonomy":"product_brand","embeddable":true,"href":"https:\/\/alcoplas.com\/fr\/wp-json\/wp\/v2\/product_brand?post=2251"},{"taxonomy":"product_cat","embeddable":true,"href":"https:\/\/alcoplas.com\/fr\/wp-json\/wp\/v2\/product_cat?post=2251"},{"taxonomy":"product_tag","embeddable":true,"href":"https:\/\/alcoplas.com\/fr\/wp-json\/wp\/v2\/product_tag?post=2251"}],"curies":[{"name":"wp","href":"https:\/\/api.w.org\/{rel}","templated":true}]}}