{"id":2249,"date":"2018-09-19T12:43:24","date_gmt":"2018-09-19T10:43:24","guid":{"rendered":"http:\/\/new.alcoplas.com\/catalogo\/non class\u00e9\/coussins-pack-4-unites-monobloc-dossier-bas\/"},"modified":"2018-09-19T12:43:24","modified_gmt":"2018-09-19T10:43:24","slug":"coussins-pack-4-unites-monobloc-dossier-bas","status":"publish","type":"product","link":"https:\/\/alcoplas.com\/fr\/catalogo\/jardin\/coussins\/coussins-pack-4-unites-monobloc-dossier-bas\/","title":{"rendered":"Coussins pack 4 unit\u00e9s monobloc dossier bas"},"content":{"rendered":"","protected":false},"excerpt":{"rendered":"<p>Coussins pack 4 unit\u00e9s monobloc dossier bas. Matelass\u00e9 2cm.<\/p>\n","protected":false},"featured_media":1309,"template":"","meta":{"_acf_changed":false},"tipo":[514],"product_brand":[],"product_cat":[378],"product_tag":[],"class_list":{"0":"post-2249","1":"product","2":"type-product","3":"status-publish","4":"has-post-thumbnail","6":"product_cat-coussins","8":"first","9":"instock","10":"shipping-taxable","11":"product-type-simple"},"acf":[],"_links":{"self":[{"href":"https:\/\/alcoplas.com\/fr\/wp-json\/wp\/v2\/product\/2249","targetHints":{"allow":["GET"]}}],"collection":[{"href":"https:\/\/alcoplas.com\/fr\/wp-json\/wp\/v2\/product"}],"about":[{"href":"https:\/\/alcoplas.com\/fr\/wp-json\/wp\/v2\/types\/product"}],"wp:featuredmedia":[{"embeddable":true,"href":"https:\/\/alcoplas.com\/fr\/wp-json\/wp\/v2\/media\/1309"}],"wp:attachment":[{"href":"https:\/\/alcoplas.com\/fr\/wp-json\/wp\/v2\/media?parent=2249"}],"wp:term":[{"taxonomy":"tipo","embeddable":true,"href":"https:\/\/alcoplas.com\/fr\/wp-json\/wp\/v2\/tipo?post=2249"},{"taxonomy":"product_brand","embeddable":true,"href":"https:\/\/alcoplas.com\/fr\/wp-json\/wp\/v2\/product_brand?post=2249"},{"taxonomy":"product_cat","embeddable":true,"href":"https:\/\/alcoplas.com\/fr\/wp-json\/wp\/v2\/product_cat?post=2249"},{"taxonomy":"product_tag","embeddable":true,"href":"https:\/\/alcoplas.com\/fr\/wp-json\/wp\/v2\/product_tag?post=2249"}],"curies":[{"name":"wp","href":"https:\/\/api.w.org\/{rel}","templated":true}]}}