{"id":2237,"date":"2018-08-27T10:57:20","date_gmt":"2018-08-27T08:57:20","guid":{"rendered":"http:\/\/new.alcoplas.com\/catalogo\/non class\u00e9\/coussins-pack-4-unites-40x40\/"},"modified":"2018-08-27T10:57:20","modified_gmt":"2018-08-27T08:57:20","slug":"coussins-pack-4-unites-40x40","status":"publish","type":"product","link":"https:\/\/alcoplas.com\/fr\/catalogo\/jardin\/coussins\/coussins-pack-4-unites-40x40\/","title":{"rendered":"Coussins pack 4 unit\u00e9s 40X40"},"content":{"rendered":"","protected":false},"excerpt":{"rendered":"<p>Coussins pack 4 unit\u00e9s 40X40cm. Matelass\u00e9 2cm.<\/p>\n","protected":false},"featured_media":1316,"template":"","meta":{"_acf_changed":false},"tipo":[514],"product_brand":[],"product_cat":[378],"product_tag":[],"class_list":{"0":"post-2237","1":"product","2":"type-product","3":"status-publish","4":"has-post-thumbnail","6":"product_cat-coussins","8":"first","9":"instock","10":"shipping-taxable","11":"product-type-simple"},"acf":[],"_links":{"self":[{"href":"https:\/\/alcoplas.com\/fr\/wp-json\/wp\/v2\/product\/2237","targetHints":{"allow":["GET"]}}],"collection":[{"href":"https:\/\/alcoplas.com\/fr\/wp-json\/wp\/v2\/product"}],"about":[{"href":"https:\/\/alcoplas.com\/fr\/wp-json\/wp\/v2\/types\/product"}],"wp:featuredmedia":[{"embeddable":true,"href":"https:\/\/alcoplas.com\/fr\/wp-json\/wp\/v2\/media\/1316"}],"wp:attachment":[{"href":"https:\/\/alcoplas.com\/fr\/wp-json\/wp\/v2\/media?parent=2237"}],"wp:term":[{"taxonomy":"tipo","embeddable":true,"href":"https:\/\/alcoplas.com\/fr\/wp-json\/wp\/v2\/tipo?post=2237"},{"taxonomy":"product_brand","embeddable":true,"href":"https:\/\/alcoplas.com\/fr\/wp-json\/wp\/v2\/product_brand?post=2237"},{"taxonomy":"product_cat","embeddable":true,"href":"https:\/\/alcoplas.com\/fr\/wp-json\/wp\/v2\/product_cat?post=2237"},{"taxonomy":"product_tag","embeddable":true,"href":"https:\/\/alcoplas.com\/fr\/wp-json\/wp\/v2\/product_tag?post=2237"}],"curies":[{"name":"wp","href":"https:\/\/api.w.org\/{rel}","templated":true}]}}