{"id":2219,"date":"2018-08-27T10:18:17","date_gmt":"2018-08-27T08:18:17","guid":{"rendered":"http:\/\/new.alcoplas.com\/catalogo\/non class\u00e9\/table-acier-80x60-pieds-acier-laques-blancs\/"},"modified":"2018-08-27T10:18:17","modified_gmt":"2018-08-27T08:18:17","slug":"table-acier-80x60-pieds-acier-laques-blancs","status":"publish","type":"product","link":"https:\/\/alcoplas.com\/fr\/catalogo\/camping\/tables-de-camping\/table-acier-80x60-pieds-acier-laques-blancs\/","title":{"rendered":"Table acier 80X60 pieds acier laqu\u00e9s blancs"},"content":{"rendered":"","protected":false},"excerpt":{"rendered":"<p>Table acier 80cmX60cm. Pieds acier laqu\u00e9s blancs. Plateau en fibres. El\u00e9ments d&rsquo;assemblage inject\u00e9s.<\/p>\n","protected":false},"featured_media":1137,"template":"","meta":{"_acf_changed":false},"tipo":[514],"product_brand":[],"product_cat":[364],"product_tag":[],"class_list":{"0":"post-2219","1":"product","2":"type-product","3":"status-publish","4":"has-post-thumbnail","6":"product_cat-tables-de-camping","8":"first","9":"instock","10":"shipping-taxable","11":"product-type-simple"},"acf":[],"_links":{"self":[{"href":"https:\/\/alcoplas.com\/fr\/wp-json\/wp\/v2\/product\/2219","targetHints":{"allow":["GET"]}}],"collection":[{"href":"https:\/\/alcoplas.com\/fr\/wp-json\/wp\/v2\/product"}],"about":[{"href":"https:\/\/alcoplas.com\/fr\/wp-json\/wp\/v2\/types\/product"}],"wp:featuredmedia":[{"embeddable":true,"href":"https:\/\/alcoplas.com\/fr\/wp-json\/wp\/v2\/media\/1137"}],"wp:attachment":[{"href":"https:\/\/alcoplas.com\/fr\/wp-json\/wp\/v2\/media?parent=2219"}],"wp:term":[{"taxonomy":"tipo","embeddable":true,"href":"https:\/\/alcoplas.com\/fr\/wp-json\/wp\/v2\/tipo?post=2219"},{"taxonomy":"product_brand","embeddable":true,"href":"https:\/\/alcoplas.com\/fr\/wp-json\/wp\/v2\/product_brand?post=2219"},{"taxonomy":"product_cat","embeddable":true,"href":"https:\/\/alcoplas.com\/fr\/wp-json\/wp\/v2\/product_cat?post=2219"},{"taxonomy":"product_tag","embeddable":true,"href":"https:\/\/alcoplas.com\/fr\/wp-json\/wp\/v2\/product_tag?post=2219"}],"curies":[{"name":"wp","href":"https:\/\/api.w.org\/{rel}","templated":true}]}}