{"id":2185,"date":"2018-08-27T09:11:37","date_gmt":"2018-08-27T07:11:37","guid":{"rendered":"http:\/\/new.alcoplas.com\/catalogo\/non%20class\u00e9\/relax-aluminium-fibreline-2x1-pied-ferme-0074\/"},"modified":"2019-10-09T15:47:53","modified_gmt":"2019-10-09T13:47:53","slug":"relax-aluminium-fibreline-2x1-pied-ferme-0074","status":"publish","type":"product","link":"https:\/\/alcoplas.com\/fr\/catalogo\/plage\/chaises-de-plage\/relax-aluminium-fibreline-2x1-pied-ferme-0074\/","title":{"rendered":"Relax aluminium Fibreline 2X1 pied ferm\u00e9 0074"},"content":{"rendered":"","protected":false},"excerpt":{"rendered":"<p>Relax aluminium tube oval pied ferm\u00e9. Fibreline 2X1. Accoudoirs lisses. Repose-t\u00eate ajustable. Gris. Multiposition.<\/p>\n","protected":false},"featured_media":853,"template":"","meta":{"_acf_changed":false},"tipo":[514],"product_brand":[],"product_cat":[391],"product_tag":[],"class_list":{"0":"post-2185","1":"product","2":"type-product","3":"status-publish","4":"has-post-thumbnail","6":"product_cat-chaises-de-plage","8":"first","9":"instock","10":"shipping-taxable","11":"product-type-simple"},"acf":[],"_links":{"self":[{"href":"https:\/\/alcoplas.com\/fr\/wp-json\/wp\/v2\/product\/2185","targetHints":{"allow":["GET"]}}],"collection":[{"href":"https:\/\/alcoplas.com\/fr\/wp-json\/wp\/v2\/product"}],"about":[{"href":"https:\/\/alcoplas.com\/fr\/wp-json\/wp\/v2\/types\/product"}],"wp:featuredmedia":[{"embeddable":true,"href":"https:\/\/alcoplas.com\/fr\/wp-json\/wp\/v2\/media\/853"}],"wp:attachment":[{"href":"https:\/\/alcoplas.com\/fr\/wp-json\/wp\/v2\/media?parent=2185"}],"wp:term":[{"taxonomy":"tipo","embeddable":true,"href":"https:\/\/alcoplas.com\/fr\/wp-json\/wp\/v2\/tipo?post=2185"},{"taxonomy":"product_brand","embeddable":true,"href":"https:\/\/alcoplas.com\/fr\/wp-json\/wp\/v2\/product_brand?post=2185"},{"taxonomy":"product_cat","embeddable":true,"href":"https:\/\/alcoplas.com\/fr\/wp-json\/wp\/v2\/product_cat?post=2185"},{"taxonomy":"product_tag","embeddable":true,"href":"https:\/\/alcoplas.com\/fr\/wp-json\/wp\/v2\/product_tag?post=2185"}],"curies":[{"name":"wp","href":"https:\/\/api.w.org\/{rel}","templated":true}]}}