{"id":2119,"date":"2018-08-09T13:57:39","date_gmt":"2018-08-09T11:57:39","guid":{"rendered":"http:\/\/new.alcoplas.com\/catalogo\/non%20class\u00e9\/relax-aluminium-fibreline-matelasse-1556\/"},"modified":"2019-10-09T15:27:05","modified_gmt":"2019-10-09T13:27:05","slug":"relax-aluminium-fibreline-matelasse-1556","status":"publish","type":"product","link":"https:\/\/alcoplas.com\/fr\/catalogo\/plage\/chaises-de-plage-rembourrees\/relax-aluminium-fibreline-matelasse-1556\/","title":{"rendered":"Relax aluminium Fibreline matelass\u00e9 1556"},"content":{"rendered":"","protected":false},"excerpt":{"rendered":"<p>Relax aluminium Fibreline matelass\u00e9 2X1. Accoudoirs bicompos\u00e9s. Multiposition.<\/p>\n","protected":false},"featured_media":787,"template":"","meta":{"_acf_changed":false},"tipo":[514],"product_brand":[],"product_cat":[393],"product_tag":[],"class_list":{"0":"post-2119","1":"product","2":"type-product","3":"status-publish","4":"has-post-thumbnail","6":"product_cat-chaises-de-plage-rembourrees","8":"first","9":"instock","10":"shipping-taxable","11":"product-type-simple"},"acf":[],"_links":{"self":[{"href":"https:\/\/alcoplas.com\/fr\/wp-json\/wp\/v2\/product\/2119","targetHints":{"allow":["GET"]}}],"collection":[{"href":"https:\/\/alcoplas.com\/fr\/wp-json\/wp\/v2\/product"}],"about":[{"href":"https:\/\/alcoplas.com\/fr\/wp-json\/wp\/v2\/types\/product"}],"wp:featuredmedia":[{"embeddable":true,"href":"https:\/\/alcoplas.com\/fr\/wp-json\/wp\/v2\/media\/787"}],"wp:attachment":[{"href":"https:\/\/alcoplas.com\/fr\/wp-json\/wp\/v2\/media?parent=2119"}],"wp:term":[{"taxonomy":"tipo","embeddable":true,"href":"https:\/\/alcoplas.com\/fr\/wp-json\/wp\/v2\/tipo?post=2119"},{"taxonomy":"product_brand","embeddable":true,"href":"https:\/\/alcoplas.com\/fr\/wp-json\/wp\/v2\/product_brand?post=2119"},{"taxonomy":"product_cat","embeddable":true,"href":"https:\/\/alcoplas.com\/fr\/wp-json\/wp\/v2\/product_cat?post=2119"},{"taxonomy":"product_tag","embeddable":true,"href":"https:\/\/alcoplas.com\/fr\/wp-json\/wp\/v2\/product_tag?post=2119"}],"curies":[{"name":"wp","href":"https:\/\/api.w.org\/{rel}","templated":true}]}}