{"id":2059,"date":"2018-08-09T11:31:08","date_gmt":"2018-08-09T09:31:08","guid":{"rendered":"http:\/\/new.alcoplas.com\/catalogo\/non class\u00e9\/fauteuil-aluminium-fibreline-matelasse-0030\/"},"modified":"2018-08-09T11:31:08","modified_gmt":"2018-08-09T09:31:08","slug":"fauteuil-aluminium-fibreline-matelasse-0030","status":"publish","type":"product","link":"https:\/\/alcoplas.com\/fr\/catalogo\/plage\/chaises-de-plage-rembourrees\/fauteuil-aluminium-fibreline-matelasse-0030\/","title":{"rendered":"Fauteuil aluminium Fibreline matelass\u00e9 0030"},"content":{"rendered":"","protected":false},"excerpt":{"rendered":"<p>Fauteuil aluminium Fibreline matelass\u00e9. Pied ferm\u00e9.<\/p>\n","protected":false},"featured_media":580,"template":"","meta":{"_acf_changed":false},"tipo":[514],"product_brand":[],"product_cat":[393],"product_tag":[],"class_list":{"0":"post-2059","1":"product","2":"type-product","3":"status-publish","4":"has-post-thumbnail","6":"product_cat-chaises-de-plage-rembourrees","8":"first","9":"instock","10":"shipping-taxable","11":"product-type-simple"},"acf":[],"_links":{"self":[{"href":"https:\/\/alcoplas.com\/fr\/wp-json\/wp\/v2\/product\/2059","targetHints":{"allow":["GET"]}}],"collection":[{"href":"https:\/\/alcoplas.com\/fr\/wp-json\/wp\/v2\/product"}],"about":[{"href":"https:\/\/alcoplas.com\/fr\/wp-json\/wp\/v2\/types\/product"}],"wp:featuredmedia":[{"embeddable":true,"href":"https:\/\/alcoplas.com\/fr\/wp-json\/wp\/v2\/media\/580"}],"wp:attachment":[{"href":"https:\/\/alcoplas.com\/fr\/wp-json\/wp\/v2\/media?parent=2059"}],"wp:term":[{"taxonomy":"tipo","embeddable":true,"href":"https:\/\/alcoplas.com\/fr\/wp-json\/wp\/v2\/tipo?post=2059"},{"taxonomy":"product_brand","embeddable":true,"href":"https:\/\/alcoplas.com\/fr\/wp-json\/wp\/v2\/product_brand?post=2059"},{"taxonomy":"product_cat","embeddable":true,"href":"https:\/\/alcoplas.com\/fr\/wp-json\/wp\/v2\/product_cat?post=2059"},{"taxonomy":"product_tag","embeddable":true,"href":"https:\/\/alcoplas.com\/fr\/wp-json\/wp\/v2\/product_tag?post=2059"}],"curies":[{"name":"wp","href":"https:\/\/api.w.org\/{rel}","templated":true}]}}