{"id":2055,"date":"2018-08-09T11:27:01","date_gmt":"2018-08-09T09:27:01","guid":{"rendered":"http:\/\/new.alcoplas.com\/catalogo\/non class\u00e9\/chaise-plage-aluminium-fibreline-matelasse-avec-poignees-0030\/"},"modified":"2018-08-09T11:27:01","modified_gmt":"2018-08-09T09:27:01","slug":"chaise-plage-aluminium-fibreline-matelasse-avec-poignees-0030","status":"publish","type":"product","link":"https:\/\/alcoplas.com\/fr\/catalogo\/plage\/chaises-de-plage-rembourrees\/chaise-plage-aluminium-fibreline-matelasse-avec-poignees-0030\/","title":{"rendered":"Chaise plage aluminium Fibreline matelass\u00e9 avec poign\u00e9es 0030"},"content":{"rendered":"","protected":false},"excerpt":{"rendered":"<p>Chaise plage aluminium Fibreline matelass\u00e9 avec poign\u00e9es. Patte arri\u00e8re pliante.<\/p>\n","protected":false},"featured_media":634,"template":"","meta":{"_acf_changed":false},"tipo":[514],"product_brand":[],"product_cat":[393],"product_tag":[],"class_list":{"0":"post-2055","1":"product","2":"type-product","3":"status-publish","4":"has-post-thumbnail","6":"product_cat-chaises-de-plage-rembourrees","8":"first","9":"instock","10":"shipping-taxable","11":"product-type-simple"},"acf":[],"_links":{"self":[{"href":"https:\/\/alcoplas.com\/fr\/wp-json\/wp\/v2\/product\/2055","targetHints":{"allow":["GET"]}}],"collection":[{"href":"https:\/\/alcoplas.com\/fr\/wp-json\/wp\/v2\/product"}],"about":[{"href":"https:\/\/alcoplas.com\/fr\/wp-json\/wp\/v2\/types\/product"}],"wp:featuredmedia":[{"embeddable":true,"href":"https:\/\/alcoplas.com\/fr\/wp-json\/wp\/v2\/media\/634"}],"wp:attachment":[{"href":"https:\/\/alcoplas.com\/fr\/wp-json\/wp\/v2\/media?parent=2055"}],"wp:term":[{"taxonomy":"tipo","embeddable":true,"href":"https:\/\/alcoplas.com\/fr\/wp-json\/wp\/v2\/tipo?post=2055"},{"taxonomy":"product_brand","embeddable":true,"href":"https:\/\/alcoplas.com\/fr\/wp-json\/wp\/v2\/product_brand?post=2055"},{"taxonomy":"product_cat","embeddable":true,"href":"https:\/\/alcoplas.com\/fr\/wp-json\/wp\/v2\/product_cat?post=2055"},{"taxonomy":"product_tag","embeddable":true,"href":"https:\/\/alcoplas.com\/fr\/wp-json\/wp\/v2\/product_tag?post=2055"}],"curies":[{"name":"wp","href":"https:\/\/api.w.org\/{rel}","templated":true}]}}