{"id":2009,"date":"2018-08-09T10:54:51","date_gmt":"2018-08-09T08:54:51","guid":{"rendered":"http:\/\/new.alcoplas.com\/catalogo\/non%20class\u00e9\/chaise-plage-aluminium-fibreline-avec-poignees-et-patte-arriere-pliante-1726-2\/"},"modified":"2019-10-09T16:12:11","modified_gmt":"2019-10-09T14:12:11","slug":"chaise-plage-aluminium-fibreline-avec-poignees-et-patte-arriere-pliante-1726-2","status":"publish","type":"product","link":"https:\/\/alcoplas.com\/fr\/catalogo\/plage\/chaises-de-plage\/chaise-plage-aluminium-fibreline-avec-poignees-et-patte-arriere-pliante-1726-2\/","title":{"rendered":"Chaise plage aluminium Fibreline avec poign\u00e9es et patte arri\u00e8re pliante 1726 (2)"},"content":{"rendered":"","protected":false},"excerpt":{"rendered":"<p>Chaise plage aluminium Fibreline. Tissu une pi\u00e8ce. Avec poign\u00e9es. Patte arri\u00e8re pliante. Multiposition.<\/p>\n","protected":false},"featured_media":595,"template":"","meta":{"_acf_changed":false},"tipo":[514],"product_brand":[],"product_cat":[391],"product_tag":[],"class_list":{"0":"post-2009","1":"product","2":"type-product","3":"status-publish","4":"has-post-thumbnail","6":"product_cat-chaises-de-plage","8":"first","9":"instock","10":"shipping-taxable","11":"product-type-simple"},"acf":[],"_links":{"self":[{"href":"https:\/\/alcoplas.com\/fr\/wp-json\/wp\/v2\/product\/2009","targetHints":{"allow":["GET"]}}],"collection":[{"href":"https:\/\/alcoplas.com\/fr\/wp-json\/wp\/v2\/product"}],"about":[{"href":"https:\/\/alcoplas.com\/fr\/wp-json\/wp\/v2\/types\/product"}],"wp:featuredmedia":[{"embeddable":true,"href":"https:\/\/alcoplas.com\/fr\/wp-json\/wp\/v2\/media\/595"}],"wp:attachment":[{"href":"https:\/\/alcoplas.com\/fr\/wp-json\/wp\/v2\/media?parent=2009"}],"wp:term":[{"taxonomy":"tipo","embeddable":true,"href":"https:\/\/alcoplas.com\/fr\/wp-json\/wp\/v2\/tipo?post=2009"},{"taxonomy":"product_brand","embeddable":true,"href":"https:\/\/alcoplas.com\/fr\/wp-json\/wp\/v2\/product_brand?post=2009"},{"taxonomy":"product_cat","embeddable":true,"href":"https:\/\/alcoplas.com\/fr\/wp-json\/wp\/v2\/product_cat?post=2009"},{"taxonomy":"product_tag","embeddable":true,"href":"https:\/\/alcoplas.com\/fr\/wp-json\/wp\/v2\/product_tag?post=2009"}],"curies":[{"name":"wp","href":"https:\/\/api.w.org\/{rel}","templated":true}]}}