{"id":135066,"date":"2024-04-23T16:49:03","date_gmt":"2024-04-23T14:49:03","guid":{"rendered":"https:\/\/alcoplas.com?post_type=product&#038;p=135066"},"modified":"2024-04-24T12:18:16","modified_gmt":"2024-04-24T10:18:16","slug":"sillon-fijo-de-playa-de-fibreline-con-seguridad","status":"publish","type":"product","link":"https:\/\/alcoplas.com\/fr\/catalogo\/plage\/chaises-de-plage\/sillon-fijo-de-playa-de-fibreline-con-seguridad\/","title":{"rendered":"Fauteuil fixe de plage en fibreline avec s\u00e9curit\u00e9"},"content":{"rendered":"<p>Plongez dans le luxe du repos avec notre fauteuil fixe. Son dossier bas, associ\u00e9 \u00e0 une structure en tube rond, allie robustesse et l\u00e9g\u00e8ret\u00e9 pour vous offrir une exp\u00e9rience unique. La technologie fibreline 1&#215;1 ajoute une touche d&rsquo;innovation, offrant une sensation de confort exceptionnelle. Ce fauteuil est le compl\u00e9ment id\u00e9al pour votre terrasse, votre jardin ou la plage. D\u00e9couvrez le plaisir de vous d\u00e9tendre avec style et confort avec notre fauteuil fixe en aluminium et fibreline.<\/p>\n<p><strong>Caract\u00e9ristiques principales:<\/strong><\/p>\n<ul>\n<li>Structure en aluminium avec tube rond de 22x1mm pour la durabilit\u00e9 et l&rsquo;\u00e9l\u00e9gance.<\/li>\n<li>Technologie fibreline 1&#215;1 pour une exp\u00e9rience de repos unique.<\/li>\n<\/ul>\n","protected":false},"excerpt":{"rendered":"<p>Plongez dans le luxe du repos avec notre fauteuil fixe. Son dossier bas, associ\u00e9 \u00e0 une structure en tube rond, [&hellip;]<\/p>\n","protected":false},"featured_media":135087,"template":"","meta":{"_acf_changed":false},"tipo":[515],"product_brand":[],"product_cat":[391],"product_tag":[],"class_list":{"0":"post-135066","1":"product","2":"type-product","3":"status-publish","4":"has-post-thumbnail","6":"product_cat-chaises-de-plage","8":"first","9":"instock","10":"shipping-taxable","11":"purchasable","12":"product-type-variable","13":"has-default-attributes","14":"woocommerce-product-gallery--with-variation-gallery product-gallery-placeholder"},"acf":[],"_links":{"self":[{"href":"https:\/\/alcoplas.com\/fr\/wp-json\/wp\/v2\/product\/135066","targetHints":{"allow":["GET"]}}],"collection":[{"href":"https:\/\/alcoplas.com\/fr\/wp-json\/wp\/v2\/product"}],"about":[{"href":"https:\/\/alcoplas.com\/fr\/wp-json\/wp\/v2\/types\/product"}],"wp:featuredmedia":[{"embeddable":true,"href":"https:\/\/alcoplas.com\/fr\/wp-json\/wp\/v2\/media\/135087"}],"wp:attachment":[{"href":"https:\/\/alcoplas.com\/fr\/wp-json\/wp\/v2\/media?parent=135066"}],"wp:term":[{"taxonomy":"tipo","embeddable":true,"href":"https:\/\/alcoplas.com\/fr\/wp-json\/wp\/v2\/tipo?post=135066"},{"taxonomy":"product_brand","embeddable":true,"href":"https:\/\/alcoplas.com\/fr\/wp-json\/wp\/v2\/product_brand?post=135066"},{"taxonomy":"product_cat","embeddable":true,"href":"https:\/\/alcoplas.com\/fr\/wp-json\/wp\/v2\/product_cat?post=135066"},{"taxonomy":"product_tag","embeddable":true,"href":"https:\/\/alcoplas.com\/fr\/wp-json\/wp\/v2\/product_tag?post=135066"}],"curies":[{"name":"wp","href":"https:\/\/api.w.org\/{rel}","templated":true}]}}