{"id":134302,"date":"2024-04-23T16:01:16","date_gmt":"2024-04-23T14:01:16","guid":{"rendered":"https:\/\/alcoplas.com?post_type=product&#038;p=134302"},"modified":"2025-07-17T21:48:44","modified_gmt":"2025-07-17T19:48:44","slug":"silla-de-playa-con-asiento-y-respaldo-alto","status":"publish","type":"product","link":"https:\/\/alcoplas.com\/fr\/catalogo\/plage\/chaises-de-plage\/silla-de-playa-con-asiento-y-respaldo-alto\/","title":{"rendered":"Chaise de plage haute \u00e0 5 positions en fibreline avec poign\u00e9es pour le transport"},"content":{"rendered":"<p>Profitez du soleil et du confort avec notre chaise de plage haute en aluminium. Malgr\u00e9 son dossier bas, sa structure assure r\u00e9sistance et style. Ajustez votre position avec les 5 options disponibles et vivez une exp\u00e9rience de confort unique gr\u00e2ce \u00e0 la technologie fibreline 1&#215;1.<\/p>\n<p><strong>Caract\u00e9ristiques principales :<\/strong><\/p>\n<ul>\n<li>Structure en aluminium avec tube rond de 22x1mm pour la r\u00e9sistance et l&rsquo;\u00e9l\u00e9gance.<\/li>\n<li>5 positions ajustables pour s&rsquo;adapter \u00e0 vos pr\u00e9f\u00e9rences de repos.<\/li>\n<li>Technologie fibreline 1&#215;1 pour une exp\u00e9rience unique.<\/li>\n<li>Patte arri\u00e8re convertible en lit pour une polyvalence maximale.<\/li>\n<li>Poign\u00e9es int\u00e9gr\u00e9es pour un transport facile et pratique.<\/li>\n<\/ul>\n","protected":false},"excerpt":{"rendered":"<p>Profitez du soleil et du confort avec notre chaise de plage haute en aluminium. Malgr\u00e9 son dossier bas, sa structure [&hellip;]<\/p>\n","protected":false},"featured_media":135706,"template":"","meta":{"_acf_changed":false},"tipo":[515],"product_brand":[],"product_cat":[391],"product_tag":[],"class_list":{"0":"post-134302","1":"product","2":"type-product","3":"status-publish","4":"has-post-thumbnail","6":"product_cat-chaises-de-plage","8":"first","9":"instock","10":"shipping-taxable","11":"purchasable","12":"product-type-variable","13":"has-default-attributes","14":"woocommerce-product-gallery--with-variation-gallery product-gallery-placeholder"},"acf":[],"_links":{"self":[{"href":"https:\/\/alcoplas.com\/fr\/wp-json\/wp\/v2\/product\/134302","targetHints":{"allow":["GET"]}}],"collection":[{"href":"https:\/\/alcoplas.com\/fr\/wp-json\/wp\/v2\/product"}],"about":[{"href":"https:\/\/alcoplas.com\/fr\/wp-json\/wp\/v2\/types\/product"}],"wp:featuredmedia":[{"embeddable":true,"href":"https:\/\/alcoplas.com\/fr\/wp-json\/wp\/v2\/media\/135706"}],"wp:attachment":[{"href":"https:\/\/alcoplas.com\/fr\/wp-json\/wp\/v2\/media?parent=134302"}],"wp:term":[{"taxonomy":"tipo","embeddable":true,"href":"https:\/\/alcoplas.com\/fr\/wp-json\/wp\/v2\/tipo?post=134302"},{"taxonomy":"product_brand","embeddable":true,"href":"https:\/\/alcoplas.com\/fr\/wp-json\/wp\/v2\/product_brand?post=134302"},{"taxonomy":"product_cat","embeddable":true,"href":"https:\/\/alcoplas.com\/fr\/wp-json\/wp\/v2\/product_cat?post=134302"},{"taxonomy":"product_tag","embeddable":true,"href":"https:\/\/alcoplas.com\/fr\/wp-json\/wp\/v2\/product_tag?post=134302"}],"curies":[{"name":"wp","href":"https:\/\/api.w.org\/{rel}","templated":true}]}}