{"id":134233,"date":"2024-04-23T15:56:16","date_gmt":"2024-04-23T13:56:16","guid":{"rendered":"https:\/\/alcoplas.com?post_type=product&#038;p=134233"},"modified":"2024-04-24T12:11:21","modified_gmt":"2024-04-24T10:11:21","slug":"silla-de-playa-baja-multiposicion-de-fibreline-con-asa-y-multiposicion","status":"publish","type":"product","link":"https:\/\/alcoplas.com\/fr\/catalogo\/plage\/chaises-de-plage\/silla-de-playa-baja-multiposicion-de-fibreline-con-asa-y-multiposicion\/","title":{"rendered":"Chaise de plage basse multiposition en fibreline avec poign\u00e9e et multiposition"},"content":{"rendered":"<p>Plongez dans le confort avec notre chaise de plage basse con\u00e7ue pour r\u00e9pondre \u00e0 vos besoins. Cette chaise offre 5 positions r\u00e9glables et la technologie innovante fibreline 1&#215;1. Son dossier courb\u00e9 ajoute une touche suppl\u00e9mentaire, vous permettant de transformer facilement cette chaise en un lit confortable pour ces moments de d\u00e9tente totale. Que ce soit \u00e0 la plage, sur votre terrasse ou dans tout coin de d\u00e9tente, cette chaise de plage basse en aluminium red\u00e9finit le confort en plein air. Laissez notre chaise en aluminium am\u00e9liorer vos moments de repos, en vous offrant polyvalence et d\u00e9tente en un seul endroit.<\/p>\n<p><strong>Caract\u00e9ristiques principales:<\/strong><\/p>\n<ul>\n<li>Structure en aluminium avec tube rond de 22x1mm pour la durabilit\u00e9 et la portabilit\u00e9.<\/li>\n<li>5 positions r\u00e9glables pour s&rsquo;adapter \u00e0 vos pr\u00e9f\u00e9rences de confort.<\/li>\n<li>Technologie fibreline 1&#215;1 pour une exp\u00e9rience unique.<\/li>\n<li>Dossier courb\u00e9 pour offrir polyvalence et la possibilit\u00e9 de transformer la chaise en un lit.<\/li>\n<\/ul>\n","protected":false},"excerpt":{"rendered":"<p>Plongez dans le confort avec notre chaise de plage basse con\u00e7ue pour r\u00e9pondre \u00e0 vos besoins. Cette chaise offre 5 [&hellip;]<\/p>\n","protected":false},"featured_media":134323,"template":"","meta":{"_acf_changed":false},"tipo":[515],"product_brand":[],"product_cat":[391],"product_tag":[],"class_list":{"0":"post-134233","1":"product","2":"type-product","3":"status-publish","4":"has-post-thumbnail","6":"product_cat-chaises-de-plage","8":"first","9":"instock","10":"shipping-taxable","11":"purchasable","12":"product-type-variable","13":"has-default-attributes","14":"woocommerce-product-gallery--with-variation-gallery product-gallery-placeholder"},"acf":[],"_links":{"self":[{"href":"https:\/\/alcoplas.com\/fr\/wp-json\/wp\/v2\/product\/134233","targetHints":{"allow":["GET"]}}],"collection":[{"href":"https:\/\/alcoplas.com\/fr\/wp-json\/wp\/v2\/product"}],"about":[{"href":"https:\/\/alcoplas.com\/fr\/wp-json\/wp\/v2\/types\/product"}],"wp:featuredmedia":[{"embeddable":true,"href":"https:\/\/alcoplas.com\/fr\/wp-json\/wp\/v2\/media\/134323"}],"wp:attachment":[{"href":"https:\/\/alcoplas.com\/fr\/wp-json\/wp\/v2\/media?parent=134233"}],"wp:term":[{"taxonomy":"tipo","embeddable":true,"href":"https:\/\/alcoplas.com\/fr\/wp-json\/wp\/v2\/tipo?post=134233"},{"taxonomy":"product_brand","embeddable":true,"href":"https:\/\/alcoplas.com\/fr\/wp-json\/wp\/v2\/product_brand?post=134233"},{"taxonomy":"product_cat","embeddable":true,"href":"https:\/\/alcoplas.com\/fr\/wp-json\/wp\/v2\/product_cat?post=134233"},{"taxonomy":"product_tag","embeddable":true,"href":"https:\/\/alcoplas.com\/fr\/wp-json\/wp\/v2\/product_tag?post=134233"}],"curies":[{"name":"wp","href":"https:\/\/api.w.org\/{rel}","templated":true}]}}