{"id":133675,"date":"2024-04-22T16:35:13","date_gmt":"2024-04-22T14:35:13","guid":{"rendered":"https:\/\/alcoplas.com?post_type=product&#038;p=133675"},"modified":"2024-04-24T12:10:00","modified_gmt":"2024-04-24T10:10:00","slug":"relax-multiposicion-de-fibreline-con-pata-cerrada","status":"publish","type":"product","link":"https:\/\/alcoplas.com\/fr\/catalogo\/plage\/chaises-de-plage\/relax-multiposicion-de-fibreline-con-pata-cerrada\/","title":{"rendered":"Relax multiposition en fibreline avec pieds repliables"},"content":{"rendered":"<p>Profitez d&rsquo;une relaxation absolue avec notre chaise longue de plage. Con\u00e7ue avec le confort \u00e0 l&rsquo;esprit, cette chaise longue offre 5 positions r\u00e9glables et la technologie de pointe fibreline 1&#215;1. Personnalisez votre confort en adaptant la position \u00e0 votre pr\u00e9f\u00e9rence et profitez de la combinaison parfaite de r\u00e9sistance et de l\u00e9g\u00e8ret\u00e9 gr\u00e2ce \u00e0 sa structure en aluminium.<\/p>\n<p><strong>Caract\u00e9ristiques principales:<\/strong><\/p>\n<ul>\n<li>Structure en aluminium avec tube rond de 22x1mm pour la durabilit\u00e9 et la l\u00e9g\u00e8ret\u00e9.<\/li>\n<li>5 positions r\u00e9glables qui s&rsquo;adaptent \u00e0 votre niveau de confort.<\/li>\n<li>Technologie fibreline 1&#215;1 pour une exp\u00e9rience de relaxation exceptionnelle.<\/li>\n<\/ul>\n","protected":false},"excerpt":{"rendered":"<p>Profitez d&rsquo;une relaxation absolue avec notre chaise longue de plage. Con\u00e7ue avec le confort \u00e0 l&rsquo;esprit, cette chaise longue offre [&hellip;]<\/p>\n","protected":false},"featured_media":134085,"template":"","meta":{"_acf_changed":false},"tipo":[515],"product_brand":[],"product_cat":[391],"product_tag":[],"class_list":{"0":"post-133675","1":"product","2":"type-product","3":"status-publish","4":"has-post-thumbnail","6":"product_cat-chaises-de-plage","8":"first","9":"instock","10":"shipping-taxable","11":"purchasable","12":"product-type-variable","13":"has-default-attributes","14":"woocommerce-product-gallery--with-variation-gallery product-gallery-placeholder"},"acf":[],"_links":{"self":[{"href":"https:\/\/alcoplas.com\/fr\/wp-json\/wp\/v2\/product\/133675","targetHints":{"allow":["GET"]}}],"collection":[{"href":"https:\/\/alcoplas.com\/fr\/wp-json\/wp\/v2\/product"}],"about":[{"href":"https:\/\/alcoplas.com\/fr\/wp-json\/wp\/v2\/types\/product"}],"wp:featuredmedia":[{"embeddable":true,"href":"https:\/\/alcoplas.com\/fr\/wp-json\/wp\/v2\/media\/134085"}],"wp:attachment":[{"href":"https:\/\/alcoplas.com\/fr\/wp-json\/wp\/v2\/media?parent=133675"}],"wp:term":[{"taxonomy":"tipo","embeddable":true,"href":"https:\/\/alcoplas.com\/fr\/wp-json\/wp\/v2\/tipo?post=133675"},{"taxonomy":"product_brand","embeddable":true,"href":"https:\/\/alcoplas.com\/fr\/wp-json\/wp\/v2\/product_brand?post=133675"},{"taxonomy":"product_cat","embeddable":true,"href":"https:\/\/alcoplas.com\/fr\/wp-json\/wp\/v2\/product_cat?post=133675"},{"taxonomy":"product_tag","embeddable":true,"href":"https:\/\/alcoplas.com\/fr\/wp-json\/wp\/v2\/product_tag?post=133675"}],"curies":[{"name":"wp","href":"https:\/\/api.w.org\/{rel}","templated":true}]}}